{"id":365,"date":"2024-09-17T21:38:22","date_gmt":"2024-09-18T03:38:22","guid":{"rendered":"https:\/\/festivaldecineconsciente.mx\/?page_id=365"},"modified":"2025-11-11T09:15:52","modified_gmt":"2025-11-11T15:15:52","slug":"voluntariado","status":"publish","type":"page","link":"https:\/\/festivaldecineconsciente.mx\/en\/voluntariado\/","title":{"rendered":"VOLUNTARIADO"},"content":{"rendered":"<div class=\"wp-block-group alignfull has-global-padding is-content-justification-center is-layout-constrained wp-container-core-group-is-layout-df757ecc wp-block-group-is-layout-constrained\" style=\"margin-top:0;margin-bottom:0;padding-top:calc( 0.5 * var(--wp--style--root--padding-right, var(--wp--custom--gap--horizontal)));padding-right:var(--wp--style--root--padding-right, var(--wp--custom--gap--horizontal));padding-bottom:calc( 0.5 * var(--wp--style--root--padding-right, var(--wp--custom--gap--horizontal)));padding-left:var(--wp--style--root--padding-left, var(--wp--custom--gap--horizontal))\">\n<div style=\"height:var(--wp--preset--spacing--20)\" aria-hidden=\"true\" class=\"wp-block-spacer\"><\/div>\n\n\n\n<figure class=\"wp-block-image alignwide size-full wp-duotone-unset-1\"><img data-recalc-dims=\"1\" loading=\"lazy\" decoding=\"async\" width=\"6000\" height=\"4000\" data-attachment-id=\"304\" data-permalink=\"https:\/\/festivaldecineconsciente.mx\/en\/?attachment_id=304\" data-orig-file=\"https:\/\/i0.wp.com\/festivaldecineconsciente.mx\/wp-content\/uploads\/2024\/07\/img_3346.jpg?fit=6000%2C4000&amp;ssl=1\" data-orig-size=\"6000,4000\" data-comments-opened=\"1\" data-image-meta=\"{&quot;aperture&quot;:&quot;2.8&quot;,&quot;credit&quot;:&quot;&quot;,&quot;camera&quot;:&quot;Canon EOS Rebel T7&quot;,&quot;caption&quot;:&quot;&quot;,&quot;created_timestamp&quot;:&quot;1716107431&quot;,&quot;copyright&quot;:&quot;&quot;,&quot;focal_length&quot;:&quot;50&quot;,&quot;iso&quot;:&quot;800&quot;,&quot;shutter_speed&quot;:&quot;0.0015625&quot;,&quot;title&quot;:&quot;&quot;,&quot;orientation&quot;:&quot;1&quot;}\" data-image-title=\"IMG_3346\" data-image-description=\"\" data-image-caption=\"\" data-medium-file=\"https:\/\/i0.wp.com\/festivaldecineconsciente.mx\/wp-content\/uploads\/2024\/07\/img_3346.jpg?fit=300%2C200&amp;ssl=1\" data-large-file=\"https:\/\/i0.wp.com\/festivaldecineconsciente.mx\/wp-content\/uploads\/2024\/07\/img_3346.jpg?fit=1024%2C683&amp;ssl=1\" src=\"https:\/\/i0.wp.com\/festivaldecineconsciente.mx\/wp-content\/uploads\/2024\/07\/img_3346.jpg?resize=6000%2C4000&#038;ssl=1\" alt=\"\" class=\"wp-image-304\"\/><\/figure>\n\n\n\n<div style=\"height:var(--wp--preset--spacing--20)\" aria-hidden=\"true\" class=\"wp-block-spacer\"><\/div>\n\n\n\n<div class=\"wp-block-columns alignwide is-layout-flex wp-container-core-columns-is-layout-55b83afd wp-block-columns-is-layout-flex\" style=\"margin-top:var(--wp--preset--spacing--30);margin-bottom:var(--wp--preset--spacing--30)\">\n<div class=\"wp-block-column is-layout-flow wp-container-core-column-is-layout-22223934 wp-block-column-is-layout-flow\">\n<h3 class=\"wp-block-heading has-small-font-size\">Bienvenido a un mundo de infinitas posibilidades, donde el viaje es tan emocionante como el destino, y donde cada momento es una oportunidad para dejar tu huella en el lienzo de la existencia. El \u00fanico l\u00edmite es la extensi\u00f3n de tu imaginaci\u00f3n.<\/h3>\n\n\n\n<h3 class=\"wp-block-heading has-small-font-size\">Si tienes intereses en el cine, el arte, la cultura, la sostenibilidad, la realizaci\u00f3n o producci\u00f3n de eventos y consideras que tienes una alma hospitalaria y\/o simplemente te gustaria saber \u00bfqu\u00e9 pasa detras de una operacion logistica? puedes sumarte a nuestro voluntariado. <\/h3>\n<\/div>\n<\/div>\n\n\n\n<div style=\"height:0\" aria-hidden=\"true\" class=\"wp-block-spacer\"><\/div>\n<\/div>\n\n\n<div class=\"wp-block-jetpack-contact-form is-layout-flex wp-container-jetpack-contact-form-is-layout-b7ed9015 wp-block-jetpack-contact-form-is-layout-flex\"><a href=\"https:\/\/festivaldecineconsciente.mx\/en\/voluntariado\/\" target=\"_blank\" rel=\"noopener noreferrer\">Submit a form.<\/a><\/div>","protected":false},"excerpt":{"rendered":"<p>Bienvenido a un mundo de infinitas posibilidades, donde el viaje es tan emocionante como el destino, y donde cada momento es una oportunidad para dejar tu huella en el lienzo de la existencia. El \u00fanico l\u00edmite es la extensi\u00f3n de tu imaginaci\u00f3n. Si tienes intereses en el cine, el arte, la cultura, la sostenibilidad, la [&hellip;]<\/p>\n","protected":false},"author":79395308,"featured_media":312,"parent":0,"menu_order":0,"comment_status":"closed","ping_status":"closed","template":"","meta":{"advanced_seo_description":"","jetpack_seo_html_title":"","jetpack_seo_noindex":false,"_themeisle_gutenberg_block_has_review":false,"jetpack_post_was_ever_published":false,"footnotes":""},"class_list":["post-365","page","type-page","status-publish","has-post-thumbnail","hentry"],"jetpack_sharing_enabled":true,"jetpack_shortlink":"https:\/\/wp.me\/PfW25I-5T","_links":{"self":[{"href":"https:\/\/festivaldecineconsciente.mx\/en\/wp-json\/wp\/v2\/pages\/365","targetHints":{"allow":["GET"]}}],"collection":[{"href":"https:\/\/festivaldecineconsciente.mx\/en\/wp-json\/wp\/v2\/pages"}],"about":[{"href":"https:\/\/festivaldecineconsciente.mx\/en\/wp-json\/wp\/v2\/types\/page"}],"author":[{"embeddable":true,"href":"https:\/\/festivaldecineconsciente.mx\/en\/wp-json\/wp\/v2\/users\/79395308"}],"replies":[{"embeddable":true,"href":"https:\/\/festivaldecineconsciente.mx\/en\/wp-json\/wp\/v2\/comments?post=365"}],"version-history":[{"count":19,"href":"https:\/\/festivaldecineconsciente.mx\/en\/wp-json\/wp\/v2\/pages\/365\/revisions"}],"predecessor-version":[{"id":2270,"href":"https:\/\/festivaldecineconsciente.mx\/en\/wp-json\/wp\/v2\/pages\/365\/revisions\/2270"}],"wp:featuredmedia":[{"embeddable":true,"href":"https:\/\/festivaldecineconsciente.mx\/en\/wp-json\/wp\/v2\/media\/312"}],"wp:attachment":[{"href":"https:\/\/festivaldecineconsciente.mx\/en\/wp-json\/wp\/v2\/media?parent=365"}],"curies":[{"name":"wp","href":"https:\/\/api.w.org\/{rel}","templated":true}]}}