{"id":2472,"date":"2026-01-31T17:53:43","date_gmt":"2026-01-31T23:53:43","guid":{"rendered":"https:\/\/festivaldecineconsciente.mx\/?post_type=product&#038;p=2472"},"modified":"2026-02-23T08:06:20","modified_gmt":"2026-02-23T14:06:20","slug":"laboratorio-cine-analogo-en-super-8","status":"publish","type":"product","link":"https:\/\/festivaldecineconsciente.mx\/en\/product\/laboratorio-cine-analogo-en-super-8\/","title":{"rendered":"CINE AN\u00c1LOGO EN SUPER 8"},"content":{"rendered":"<h3><b>Laboratorio de Cine An\u00e1logo en S\u00faper 8 &#8211; <\/b><b>Autorretrato f\u00edlmico de una cultura viva<\/b><\/h3>\n<p><b>Facilitador:<\/b> <b>Pablo Cruz Villalba<\/b><b><br \/>\n<\/b><span style=\"font-weight: 400;\">Artista visual, director y cinefot\u00f3grafo<\/span><\/p>\n<p style=\"text-align: left;\"><strong>PARTE 1<\/strong> &#8211; <em>13 de Marzo 2026<\/em> &#8211; <em>La Eufemia<\/em><\/p>\n<p><strong>PARTE 2<\/strong> &#8211; <em>14 de Marzo 2026 &#8211; Radio Tulum<\/em><\/p>","protected":false},"excerpt":{"rendered":"<p>Laboratorio de Cine An\u00e1logo en S\u00faper 8 &#8211; Autorretrato f\u00edlmico de una cultura viva Facilitador: Pablo Cruz Villalba Artista visual, director y cinefot\u00f3grafo PARTE 1 &#8211; 13 de Marzo 2026 &#8211; La Eufemia PARTE 2 &#8211; 14 de Marzo 2026 &#8211; Radio Tulum<\/p>","protected":false},"featured_media":2716,"comment_status":"open","ping_status":"closed","template":"","meta":{"advanced_seo_description":"","jetpack_seo_html_title":"","jetpack_seo_noindex":false,"_themeisle_gutenberg_block_has_review":false,"jetpack_post_was_ever_published":false,"jetpack_publicize_message":"","jetpack_publicize_feature_enabled":true,"jetpack_social_post_already_shared":true,"jetpack_social_options":{"image_generator_settings":{"template":"highway","default_image_id":0,"font":"","enabled":false},"version":2},"_wpas_customize_per_network":false},"product_brand":[],"product_cat":[778023155],"product_tag":[778023157,778023156,778023158],"class_list":{"0":"post-2472","1":"product","2":"type-product","3":"status-publish","4":"has-post-thumbnail","6":"product_cat-academia","7":"product_tag-nommo","8":"product_tag-taller","9":"product_tag-tulum","11":"first","12":"instock","13":"sold-individually","14":"taxable","15":"shipping-taxable","16":"purchasable","17":"product-type-simple"},"jetpack_publicize_connections":[],"jetpack_sharing_enabled":true,"_links":{"self":[{"href":"https:\/\/festivaldecineconsciente.mx\/en\/wp-json\/wp\/v2\/product\/2472","targetHints":{"allow":["GET"]}}],"collection":[{"href":"https:\/\/festivaldecineconsciente.mx\/en\/wp-json\/wp\/v2\/product"}],"about":[{"href":"https:\/\/festivaldecineconsciente.mx\/en\/wp-json\/wp\/v2\/types\/product"}],"replies":[{"embeddable":true,"href":"https:\/\/festivaldecineconsciente.mx\/en\/wp-json\/wp\/v2\/comments?post=2472"}],"wp:featuredmedia":[{"embeddable":true,"href":"https:\/\/festivaldecineconsciente.mx\/en\/wp-json\/wp\/v2\/media\/2716"}],"wp:attachment":[{"href":"https:\/\/festivaldecineconsciente.mx\/en\/wp-json\/wp\/v2\/media?parent=2472"}],"wp:term":[{"taxonomy":"product_brand","embeddable":true,"href":"https:\/\/festivaldecineconsciente.mx\/en\/wp-json\/wp\/v2\/product_brand?post=2472"},{"taxonomy":"product_cat","embeddable":true,"href":"https:\/\/festivaldecineconsciente.mx\/en\/wp-json\/wp\/v2\/product_cat?post=2472"},{"taxonomy":"product_tag","embeddable":true,"href":"https:\/\/festivaldecineconsciente.mx\/en\/wp-json\/wp\/v2\/product_tag?post=2472"}],"curies":[{"name":"wp","href":"https:\/\/api.w.org\/{rel}","templated":true}]}}